{"id":55,"date":"2023-05-29T19:28:01","date_gmt":"2023-05-29T19:28:01","guid":{"rendered":"https:\/\/www.spacevisions.cz\/?page_id=55"},"modified":"2024-08-18T11:50:37","modified_gmt":"2024-08-18T11:50:37","slug":"domu","status":"publish","type":"page","link":"https:\/\/www.spacevisions.cz\/","title":{"rendered":"Dom\u016f"},"content":{"rendered":"\t\t<div data-elementor-type=\"wp-page\" data-elementor-id=\"55\" class=\"elementor elementor-55\">\n\t\t\t\t<div class=\"elementor-element elementor-element-3b1914c e-flex e-con-boxed e-con e-parent\" data-id=\"3b1914c\" data-element_type=\"container\" data-settings=\"{&quot;background_background&quot;:&quot;classic&quot;}\">\n\t\t\t\t\t<div class=\"e-con-inner\">\n\t\t\t\t<div class=\"elementor-element elementor-element-a827f4d elementor-widget elementor-widget-heading\" data-id=\"a827f4d\" data-element_type=\"widget\" data-widget_type=\"heading.default\">\n\t\t\t\t<div class=\"elementor-widget-container\">\n\t\t\t<style>\/*! elementor - v3.23.0 - 05-08-2024 *\/\n.elementor-heading-title{padding:0;margin:0;line-height:1}.elementor-widget-heading .elementor-heading-title[class*=elementor-size-]>a{color:inherit;font-size:inherit;line-height:inherit}.elementor-widget-heading .elementor-heading-title.elementor-size-small{font-size:15px}.elementor-widget-heading .elementor-heading-title.elementor-size-medium{font-size:19px}.elementor-widget-heading .elementor-heading-title.elementor-size-large{font-size:29px}.elementor-widget-heading .elementor-heading-title.elementor-size-xl{font-size:39px}.elementor-widget-heading .elementor-heading-title.elementor-size-xxl{font-size:59px}<\/style><h1 class=\"elementor-heading-title elementor-size-default\">Spole\u010dn\u011b k napln\u011bn\u00ed \n<br>Va\u0161ich viz\u00ed<\/h1>\t\t<\/div>\n\t\t\t\t<\/div>\n\t\t\t\t<div class=\"elementor-element elementor-element-fc583af elementor-widget elementor-widget-text-editor\" data-id=\"fc583af\" data-element_type=\"widget\" data-widget_type=\"text-editor.default\">\n\t\t\t\t<div class=\"elementor-widget-container\">\n\t\t\t<style>\/*! elementor - v3.23.0 - 05-08-2024 *\/\n.elementor-widget-text-editor.elementor-drop-cap-view-stacked .elementor-drop-cap{background-color:#69727d;color:#fff}.elementor-widget-text-editor.elementor-drop-cap-view-framed .elementor-drop-cap{color:#69727d;border:3px solid;background-color:transparent}.elementor-widget-text-editor:not(.elementor-drop-cap-view-default) .elementor-drop-cap{margin-top:8px}.elementor-widget-text-editor:not(.elementor-drop-cap-view-default) .elementor-drop-cap-letter{width:1em;height:1em}.elementor-widget-text-editor .elementor-drop-cap{float:left;text-align:center;line-height:1;font-size:50px}.elementor-widget-text-editor .elementor-drop-cap-letter{display:inline-block}<\/style>\t\t\t\t<p>Jsme tu, abychom V\u00e1m pomohli realizovat Va\u0161e vize. Poj\u010fme spole\u010dn\u011b podniknout prvn\u00ed kroky na cest\u011b k dosa\u017een\u00ed Va\u0161eho c\u00edle.<br \/>Jsme zde pro V\u00e1s. Va\u0161e vize, Va\u0161e budoucnost.<\/p>\t\t\t\t\t\t<\/div>\n\t\t\t\t<\/div>\n\t\t\t\t\t<\/div>\n\t\t\t\t<\/div>\n\t\t<div class=\"elementor-element elementor-element-4e0d6ae e-flex e-con-boxed e-con e-parent\" data-id=\"4e0d6ae\" data-element_type=\"container\" id=\"about-page\">\n\t\t\t\t\t<div class=\"e-con-inner\">\n\t\t<div class=\"elementor-element elementor-element-7855ee9 e-con-full e-flex e-con e-child\" data-id=\"7855ee9\" data-element_type=\"container\">\n\t\t\t\t<div class=\"elementor-element elementor-element-5ee8eb4 elementor-widget elementor-widget-heading\" data-id=\"5ee8eb4\" data-element_type=\"widget\" data-widget_type=\"heading.default\">\n\t\t\t\t<div class=\"elementor-widget-container\">\n\t\t\t<h4 class=\"elementor-heading-title elementor-size-default\">S n\u00e1mi je to mo\u017en\u00e9<\/h4>\t\t<\/div>\n\t\t\t\t<\/div>\n\t\t\t\t<div class=\"elementor-element elementor-element-6e14fc3 elementor-widget elementor-widget-heading\" data-id=\"6e14fc3\" data-element_type=\"widget\" data-widget_type=\"heading.default\">\n\t\t\t\t<div class=\"elementor-widget-container\">\n\t\t\t<h2 class=\"elementor-heading-title elementor-size-default\">Pro\u010d si vybrat zrovna n\u00e1s<\/h2>\t\t<\/div>\n\t\t\t\t<\/div>\n\t\t\t\t<\/div>\n\t\t\t\t<div class=\"elementor-element elementor-element-762281f elementor-widget__width-initial elementor-widget elementor-widget-text-editor\" data-id=\"762281f\" data-element_type=\"widget\" data-widget_type=\"text-editor.default\">\n\t\t\t\t<div class=\"elementor-widget-container\">\n\t\t\t\t\t\t\t<p>Jsme mlad\u00e1, dynamicky rozv\u00edjej\u00edc\u00ed se spole\u010dnost zam\u011b\u0159en\u00e1 na poradensk\u00e9 a konzulta\u010dn\u00ed slu\u017eby v oblasti zahrani\u010dn\u00edho obchodu a podnik\u00e1n\u00ed. Na\u0161\u00edm c\u00edlem je poskytnout V\u00e1m ve\u0161ker\u00e9 nezbytn\u00e9 informace o zemi nebo regionu, kde si p\u0159ejete rozv\u00edjet sv\u00e9 obchodn\u00ed aktivity. V sou\u010dasn\u00e9 dob\u011b se zam\u011b\u0159ujeme zejm\u00e9na na oblast Balk\u00e1nu, Afriky a v\u00fdchodn\u00ed Evropy. Abychom m\u011bli v\u017edy aktu\u00e1ln\u00ed informace, tak spolupracujeme s mnoha odborn\u00edky z rozli\u010dn\u00fdch obor\u016f, jak\u00fdmi jsou zejm\u00e9na politologov\u00e9, ekonomov\u00e9, bezpe\u010dnost\u00ed analytici a pr\u00e1vn\u00edci se znalostmi dan\u00e9ho prost\u0159ed\u00ed. Informace d\u00e1le aktualizujeme a ov\u011b\u0159ujeme spole\u010dn\u011b s na\u0161imi korespondenty p\u0159\u00edmo v regionu. Pro zaji\u0161t\u011bn\u00ed \u00fasp\u011bchu Va\u0161eho projektu V\u00e1m poskytneme ucelen\u00e9 informace o mo\u017enostech a rizic\u00edch, kter\u00e9 dan\u00e1 oblast p\u0159edstavuje.<\/p>\t\t\t\t\t\t<\/div>\n\t\t\t\t<\/div>\n\t\t\t\t\t<\/div>\n\t\t\t\t<\/div>\n\t\t<div class=\"elementor-element elementor-element-16c06ca e-grid e-con-boxed e-con e-parent\" data-id=\"16c06ca\" data-element_type=\"container\" id=\"services-page\" data-settings=\"{&quot;background_background&quot;:&quot;classic&quot;}\">\n\t\t\t\t\t<div class=\"e-con-inner\">\n\t\t<div class=\"elementor-element elementor-element-c2cfd55 e-con-full e-flex e-con e-child\" data-id=\"c2cfd55\" data-element_type=\"container\">\n\t\t\t\t<div class=\"elementor-element elementor-element-58c50ae elementor-widget elementor-widget-heading\" data-id=\"58c50ae\" data-element_type=\"widget\" data-widget_type=\"heading.default\">\n\t\t\t\t<div class=\"elementor-widget-container\">\n\t\t\t<h2 class=\"elementor-heading-title elementor-size-default\">Co V\u00e1m m\u016f\u017eeme nab\u00eddnout<\/h2>\t\t<\/div>\n\t\t\t\t<\/div>\n\t\t\t\t<div class=\"elementor-element elementor-element-1b1f4e1 elementor-widget elementor-widget-heading\" data-id=\"1b1f4e1\" data-element_type=\"widget\" data-widget_type=\"heading.default\">\n\t\t\t\t<div class=\"elementor-widget-container\">\n\t\t\t<h2 class=\"elementor-heading-title elementor-size-default\">Zjist\u011bte s \u010d\u00edm V\u00e1m pom\u016f\u017eeme<\/h2>\t\t<\/div>\n\t\t\t\t<\/div>\n\t\t\t\t<div class=\"elementor-element elementor-element-e15d545 elementor-widget elementor-widget-spacer\" data-id=\"e15d545\" data-element_type=\"widget\" data-widget_type=\"spacer.default\">\n\t\t\t\t<div class=\"elementor-widget-container\">\n\t\t\t<style>\/*! elementor - v3.23.0 - 05-08-2024 *\/\n.elementor-column .elementor-spacer-inner{height:var(--spacer-size)}.e-con{--container-widget-width:100%}.e-con-inner>.elementor-widget-spacer,.e-con>.elementor-widget-spacer{width:var(--container-widget-width,var(--spacer-size));--align-self:var(--container-widget-align-self,initial);--flex-shrink:0}.e-con-inner>.elementor-widget-spacer>.elementor-widget-container,.e-con>.elementor-widget-spacer>.elementor-widget-container{height:100%;width:100%}.e-con-inner>.elementor-widget-spacer>.elementor-widget-container>.elementor-spacer,.e-con>.elementor-widget-spacer>.elementor-widget-container>.elementor-spacer{height:100%}.e-con-inner>.elementor-widget-spacer>.elementor-widget-container>.elementor-spacer>.elementor-spacer-inner,.e-con>.elementor-widget-spacer>.elementor-widget-container>.elementor-spacer>.elementor-spacer-inner{height:var(--container-widget-height,var(--spacer-size))}.e-con-inner>.elementor-widget-spacer.elementor-widget-empty,.e-con>.elementor-widget-spacer.elementor-widget-empty{position:relative;min-height:22px;min-width:22px}.e-con-inner>.elementor-widget-spacer.elementor-widget-empty .elementor-widget-empty-icon,.e-con>.elementor-widget-spacer.elementor-widget-empty .elementor-widget-empty-icon{position:absolute;top:0;bottom:0;left:0;right:0;margin:auto;padding:0;width:22px;height:22px}<\/style>\t\t<div class=\"elementor-spacer\">\n\t\t\t<div class=\"elementor-spacer-inner\"><\/div>\n\t\t<\/div>\n\t\t\t\t<\/div>\n\t\t\t\t<\/div>\n\t\t\t\t<div class=\"elementor-element elementor-element-bb94d15 elementor-widget elementor-widget-text-editor\" data-id=\"bb94d15\" data-element_type=\"widget\" data-widget_type=\"text-editor.default\">\n\t\t\t\t<div class=\"elementor-widget-container\">\n\t\t\t\t\t\t\t<p>Kl\u00ed\u010dem k \u00fasp\u011b\u0161n\u00e9mu projektu je znalost dan\u00e9ho prost\u0159ed\u00ed. Nab\u00edz\u00edme proveden\u00ed c\u00edlen\u00fdch \u010di komplexn\u00edch anal\u00fdz dan\u00e9 zem\u011b \u010di regionu, kter\u00e9 V\u00e1m poskytnout dostatek aktu\u00e1ln\u00edch informac\u00ed pro spr\u00e1vn\u00e9 rozhodov\u00e1n\u00ed. C\u00edlen\u00e9 anal\u00fdzy prov\u00e1d\u00edme ve \u010dty\u0159ech hlavn\u00edch oblastech, jak\u00fdmi jsou politika, ekonomika, bezpe\u010dnost a pr\u00e1vo. Rovn\u011b\u017e nab\u00edz\u00edme proveden\u00ed komplexn\u00ed anal\u00fdzy zahrnuj\u00edc\u00ed ve\u0161ker\u00e9 v\u00fd\u0161e uveden\u00e9 oblasti. A\u0165 ji\u017e c\u00edlen\u00e1 nebo komplexn\u00ed anal\u00fdza, v\u017edy je p\u0159izp\u016fsobena na m\u00edru Va\u0161emu projektu.<\/p>\t\t\t\t\t\t<\/div>\n\t\t\t\t<\/div>\n\t\t\t\t<div class=\"elementor-element elementor-element-14111aa elementor-widget elementor-widget-spacer\" data-id=\"14111aa\" data-element_type=\"widget\" data-widget_type=\"spacer.default\">\n\t\t\t\t<div class=\"elementor-widget-container\">\n\t\t\t\t\t<div class=\"elementor-spacer\">\n\t\t\t<div class=\"elementor-spacer-inner\"><\/div>\n\t\t<\/div>\n\t\t\t\t<\/div>\n\t\t\t\t<\/div>\n\t\t\t\t<div class=\"elementor-element elementor-element-abb9c4a elementor-mobile-align-center elementor-widget elementor-widget-button\" data-id=\"abb9c4a\" data-element_type=\"widget\" data-widget_type=\"button.default\">\n\t\t\t\t<div class=\"elementor-widget-container\">\n\t\t\t\t\t<div class=\"elementor-button-wrapper\">\n\t\t\t<a class=\"elementor-button elementor-button-link elementor-size-sm\" href=\"#contact-page\">\n\t\t\t\t\t\t<span class=\"elementor-button-content-wrapper\">\n\t\t\t\t\t\t\t\t\t<span class=\"elementor-button-text\">M\u00e1m z\u00e1jem<\/span>\n\t\t\t\t\t<\/span>\n\t\t\t\t\t<\/a>\n\t\t<\/div>\n\t\t\t\t<\/div>\n\t\t\t\t<\/div>\n\t\t\t\t<\/div>\n\t\t<div class=\"elementor-element elementor-element-e106d65 e-grid e-con-full e-con e-child\" data-id=\"e106d65\" data-element_type=\"container\">\n\t\t<div class=\"elementor-element elementor-element-e5aed57 e-con-full e-flex e-con e-child\" data-id=\"e5aed57\" data-element_type=\"container\" data-settings=\"{&quot;background_background&quot;:&quot;classic&quot;}\">\n\t\t\t\t<div class=\"elementor-element elementor-element-1d8a80d elementor-widget elementor-widget-heading\" data-id=\"1d8a80d\" data-element_type=\"widget\" data-widget_type=\"heading.default\">\n\t\t\t\t<div class=\"elementor-widget-container\">\n\t\t\t<h2 class=\"elementor-heading-title elementor-size-default\">Politika<\/h2>\t\t<\/div>\n\t\t\t\t<\/div>\n\t\t\t\t<div class=\"elementor-element elementor-element-e51b71c elementor-widget elementor-widget-text-editor\" data-id=\"e51b71c\" data-element_type=\"widget\" data-widget_type=\"text-editor.default\">\n\t\t\t\t<div class=\"elementor-widget-container\">\n\t\t\t\t\t\t\tKdo bude pravd\u011bpodobn\u00fdm v\u00edt\u011bzem voleb? Hroz\u00ed p\u0159ed\u010dasn\u00e9 volby? Co to bude znamenat pro V\u00e1\u0161 projekt? Na to a mnohem v\u00edce V\u00e1m odpov\u00ed politick\u00e1 anal\u00fdza.\t\t\t\t\t\t<\/div>\n\t\t\t\t<\/div>\n\t\t\t\t<\/div>\n\t\t<div class=\"elementor-element elementor-element-e043c15 e-con-full e-flex e-con e-child\" data-id=\"e043c15\" data-element_type=\"container\" data-settings=\"{&quot;background_background&quot;:&quot;classic&quot;}\">\n\t\t\t\t<div class=\"elementor-element elementor-element-fad39f3 elementor-widget elementor-widget-heading\" data-id=\"fad39f3\" data-element_type=\"widget\" data-widget_type=\"heading.default\">\n\t\t\t\t<div class=\"elementor-widget-container\">\n\t\t\t<h2 class=\"elementor-heading-title elementor-size-default\">Ekonomika<\/h2>\t\t<\/div>\n\t\t\t\t<\/div>\n\t\t\t\t<div class=\"elementor-element elementor-element-5b29a08 elementor-widget elementor-widget-text-editor\" data-id=\"5b29a08\" data-element_type=\"widget\" data-widget_type=\"text-editor.default\">\n\t\t\t\t<div class=\"elementor-widget-container\">\n\t\t\t\t\t\t\tJak\u00e9 je sou\u010dasn\u00e9 da\u0148ov\u00e9 zat\u00ed\u017een\u00ed? Jak\u00e1 je ekonomick\u00e1 progn\u00f3za? Za jak\u00fdch podm\u00ednek lze z\u00edskat \u00fav\u011br? Na to a mnohem v\u00edce V\u00e1m odpov\u00ed ekonomick\u00e1 anal\u00fdza.\t\t\t\t\t\t<\/div>\n\t\t\t\t<\/div>\n\t\t\t\t<\/div>\n\t\t<div class=\"elementor-element elementor-element-01c9706 e-con-full e-flex e-con e-child\" data-id=\"01c9706\" data-element_type=\"container\" data-settings=\"{&quot;background_background&quot;:&quot;classic&quot;}\">\n\t\t\t\t<div class=\"elementor-element elementor-element-150724b elementor-widget elementor-widget-heading\" data-id=\"150724b\" data-element_type=\"widget\" data-widget_type=\"heading.default\">\n\t\t\t\t<div class=\"elementor-widget-container\">\n\t\t\t<h2 class=\"elementor-heading-title elementor-size-default\">Bezpe\u010dnost<\/h2>\t\t<\/div>\n\t\t\t\t<\/div>\n\t\t\t\t<div class=\"elementor-element elementor-element-cd7b0fb elementor-widget elementor-widget-text-editor\" data-id=\"cd7b0fb\" data-element_type=\"widget\" data-widget_type=\"text-editor.default\">\n\t\t\t\t<div class=\"elementor-widget-container\">\n\t\t\t\t\t\t\tJak\u00e1 je \u00farove\u0148 kriminality? P\u016fsob\u00ed v dan\u00e9 oblasti n\u011bjak\u00e9 ozbrojen\u00e9 skupiny? Jak\u00e1 je bezpe\u010dnostn\u00ed situace? Na to a mnohem v\u00edce V\u00e1m odpov\u00ed bezpe\u010dnostn\u00ed anal\u00fdza.\t\t\t\t\t\t<\/div>\n\t\t\t\t<\/div>\n\t\t\t\t<\/div>\n\t\t<div class=\"elementor-element elementor-element-e0ff845 e-con-full e-flex e-con e-child\" data-id=\"e0ff845\" data-element_type=\"container\" data-settings=\"{&quot;background_background&quot;:&quot;classic&quot;}\">\n\t\t\t\t<div class=\"elementor-element elementor-element-7b286c7 elementor-widget elementor-widget-heading\" data-id=\"7b286c7\" data-element_type=\"widget\" data-widget_type=\"heading.default\">\n\t\t\t\t<div class=\"elementor-widget-container\">\n\t\t\t<h2 class=\"elementor-heading-title elementor-size-default\">Legislativa<\/h2>\t\t<\/div>\n\t\t\t\t<\/div>\n\t\t\t\t<div class=\"elementor-element elementor-element-7eb3c3c elementor-widget elementor-widget-text-editor\" data-id=\"7eb3c3c\" data-element_type=\"widget\" data-widget_type=\"text-editor.default\">\n\t\t\t\t<div class=\"elementor-widget-container\">\n\t\t\t\t\t\t\t<p>Jak\u00e1 je \u00farove\u0148 pr\u00e1vn\u00edho syst\u00e9mu? Ochr\u00e1n\u00ed Va\u0161e podnik\u00e1n\u00ed? Jakou pr\u00e1vn\u00ed formu spole\u010dnosti zvolit? Na to a mnohem v\u00edce V\u00e1m odpov\u00ed pr\u00e1vn\u00ed anal\u00fdza.<\/p>\t\t\t\t\t\t<\/div>\n\t\t\t\t<\/div>\n\t\t\t\t<\/div>\n\t\t\t\t<\/div>\n\t\t\t\t\t<\/div>\n\t\t\t\t<\/div>\n\t\t<div class=\"elementor-element elementor-element-a45d7c3 e-flex e-con-boxed e-con e-parent\" data-id=\"a45d7c3\" data-element_type=\"container\">\n\t\t\t\t\t<div class=\"e-con-inner\">\n\t\t<div class=\"elementor-element elementor-element-a61d1b1 e-con-full e-flex e-con e-child\" data-id=\"a61d1b1\" data-element_type=\"container\">\n\t\t\t\t<div class=\"elementor-element elementor-element-3ef8aa7 elementor-widget elementor-widget-heading\" data-id=\"3ef8aa7\" data-element_type=\"widget\" data-widget_type=\"heading.default\">\n\t\t\t\t<div class=\"elementor-widget-container\">\n\t\t\t<h4 class=\"elementor-heading-title elementor-size-default\">M\u00e1te z\u00e1jem st\u00e1t se sou\u010d\u00e1st\u00ed teamu<\/h4>\t\t<\/div>\n\t\t\t\t<\/div>\n\t\t\t\t<div class=\"elementor-element elementor-element-522cf99 elementor-widget elementor-widget-heading\" data-id=\"522cf99\" data-element_type=\"widget\" data-widget_type=\"heading.default\">\n\t\t\t\t<div class=\"elementor-widget-container\">\n\t\t\t<h2 class=\"elementor-heading-title elementor-size-default\">Sta\u0148te se na\u0161\u00edm korespondentem<\/h2>\t\t<\/div>\n\t\t\t\t<\/div>\n\t\t\t\t<\/div>\n\t\t\t\t<div class=\"elementor-element elementor-element-1a7716e elementor-widget__width-initial elementor-widget elementor-widget-text-editor\" data-id=\"1a7716e\" data-element_type=\"widget\" data-widget_type=\"text-editor.default\">\n\t\t\t\t<div class=\"elementor-widget-container\">\n\t\t\t\t\t\t\tHled\u00e1me korespondenty pro dlouhodobou spolupr\u00e1ci. \u017dijete dlouhodob\u011b v zahrani\u010d\u00ed? Jste vzd\u011bl\u00e1n\u00edm \u010di profes\u00ed politolog, ekonom, novin\u00e1\u0159, bezpe\u010dnostn\u00ed analytik \u010di pr\u00e1vn\u00edk? M\u00e1te z\u00e1jem pod\u00edlet se na zpracov\u00e1n\u00ed anal\u00fdz pro na\u0161e z\u00e1kazn\u00edky? Pokud je odpov\u011b\u010f na v\u00fd\u0161e uveden\u00e9 ot\u00e1zky ano, tak n\u00e1s kontaktujte. \n<br>\n<br>\nV sou\u010dasn\u00e9 dob\u011b hled\u00e1me korespondenty zejm\u00e9na pro oblast Balk\u00e1nu, Afriky a v\u00fdchodn\u00ed Evropy. \n\t\t\t\t\t\t<\/div>\n\t\t\t\t<\/div>\n\t\t\t\t\t<\/div>\n\t\t\t\t<\/div>\n\t\t<div class=\"elementor-element elementor-element-ff5d778 e-flex e-con-boxed e-con e-parent\" data-id=\"ff5d778\" data-element_type=\"container\" id=\"contact-page\" data-settings=\"{&quot;background_background&quot;:&quot;classic&quot;}\">\n\t\t\t\t\t<div class=\"e-con-inner\">\n\t\t<div class=\"elementor-element elementor-element-a3193cb e-con-full e-flex e-con e-child\" data-id=\"a3193cb\" data-element_type=\"container\">\n\t\t\t\t<div class=\"elementor-element elementor-element-556f7d8 elementor-widget elementor-widget-heading\" data-id=\"556f7d8\" data-element_type=\"widget\" data-widget_type=\"heading.default\">\n\t\t\t\t<div class=\"elementor-widget-container\">\n\t\t\t<h2 class=\"elementor-heading-title elementor-size-default\">Nev\u00e1hejte n\u00e1s kontaktovat<\/h2>\t\t<\/div>\n\t\t\t\t<\/div>\n\t\t\t\t<div class=\"elementor-element elementor-element-e6d77b0 elementor-widget elementor-widget-spacer\" data-id=\"e6d77b0\" data-element_type=\"widget\" data-widget_type=\"spacer.default\">\n\t\t\t\t<div class=\"elementor-widget-container\">\n\t\t\t\t\t<div class=\"elementor-spacer\">\n\t\t\t<div class=\"elementor-spacer-inner\"><\/div>\n\t\t<\/div>\n\t\t\t\t<\/div>\n\t\t\t\t<\/div>\n\t\t\t\t<div class=\"elementor-element elementor-element-b33b552 elementor-widget elementor-widget-text-editor\" data-id=\"b33b552\" data-element_type=\"widget\" data-widget_type=\"text-editor.default\">\n\t\t\t\t<div class=\"elementor-widget-container\">\n\t\t\t\t\t\t\t<p>Pokud m\u00e1te z\u00e1jem o na\u0161e slu\u017eby, nev\u00e1hejte n\u00e1s kontaktovat na n\u00ed\u017ee uveden\u00e9 e-mailov\u00e9 adrese.<\/p>\t\t\t\t\t\t<\/div>\n\t\t\t\t<\/div>\n\t\t\t\t<div class=\"elementor-element elementor-element-7ba2632 elementor-mobile-align-center elementor-icon-list--layout-traditional elementor-list-item-link-full_width elementor-widget elementor-widget-icon-list\" data-id=\"7ba2632\" data-element_type=\"widget\" data-widget_type=\"icon-list.default\">\n\t\t\t\t<div class=\"elementor-widget-container\">\n\t\t\t<link rel=\"stylesheet\" href=\"https:\/\/www.spacevisions.cz\/wp-content\/plugins\/elementor\/assets\/css\/widget-icon-list.min.css\">\t\t<ul class=\"elementor-icon-list-items\">\n\t\t\t\t\t\t\t<li class=\"elementor-icon-list-item\">\n\t\t\t\t\t\t\t\t\t\t\t<span class=\"elementor-icon-list-icon\">\n\t\t\t\t\t\t\t<svg aria-hidden=\"true\" class=\"e-font-icon-svg e-far-envelope\" viewBox=\"0 0 512 512\" xmlns=\"http:\/\/www.w3.org\/2000\/svg\"><path d=\"M464 64H48C21.49 64 0 85.49 0 112v288c0 26.51 21.49 48 48 48h416c26.51 0 48-21.49 48-48V112c0-26.51-21.49-48-48-48zm0 48v40.805c-22.422 18.259-58.168 46.651-134.587 106.49-16.841 13.247-50.201 45.072-73.413 44.701-23.208.375-56.579-31.459-73.413-44.701C106.18 199.465 70.425 171.067 48 152.805V112h416zM48 400V214.398c22.914 18.251 55.409 43.862 104.938 82.646 21.857 17.205 60.134 55.186 103.062 54.955 42.717.231 80.509-37.199 103.053-54.947 49.528-38.783 82.032-64.401 104.947-82.653V400H48z\"><\/path><\/svg>\t\t\t\t\t\t<\/span>\n\t\t\t\t\t\t\t\t\t\t<span class=\"elementor-icon-list-text\">info@spacevisions.cz<\/span>\n\t\t\t\t\t\t\t\t\t<\/li>\n\t\t\t\t\t\t<\/ul>\n\t\t\t\t<\/div>\n\t\t\t\t<\/div>\n\t\t\t\t<\/div>\n\t\t<div class=\"elementor-element elementor-element-022623f e-con-full e-flex e-con e-child\" data-id=\"022623f\" data-element_type=\"container\">\n\t\t\t\t<div class=\"elementor-element elementor-element-ef4d108 elementor-widget elementor-widget-spacer\" data-id=\"ef4d108\" data-element_type=\"widget\" data-widget_type=\"spacer.default\">\n\t\t\t\t<div class=\"elementor-widget-container\">\n\t\t\t\t\t<div class=\"elementor-spacer\">\n\t\t\t<div class=\"elementor-spacer-inner\"><\/div>\n\t\t<\/div>\n\t\t\t\t<\/div>\n\t\t\t\t<\/div>\n\t\t\t\t<\/div>\n\t\t\t\t\t<\/div>\n\t\t\t\t<\/div>\n\t\t\t\t<\/div>\n\t\t","protected":false},"excerpt":{"rendered":"<p>Spole\u010dn\u011b k napln\u011bn\u00ed Va\u0161ich viz\u00ed Jsme tu, abychom V\u00e1m pomohli realizovat Va\u0161e vize. Poj\u010fme spole\u010dn\u011b podniknout prvn\u00ed kroky na cest\u011b k dosa\u017een\u00ed Va\u0161eho c\u00edle.Jsme zde pro V\u00e1s. Va\u0161e vize, Va\u0161e budoucnost. S n\u00e1mi je to mo\u017en\u00e9 Pro\u010d si vybrat zrovna n\u00e1s Jsme mlad\u00e1, dynamicky rozv\u00edjej\u00edc\u00ed se spole\u010dnost zam\u011b\u0159en\u00e1 na poradensk\u00e9 a konzulta\u010dn\u00ed slu\u017eby v oblasti [&hellip;]<\/p>\n","protected":false},"author":1,"featured_media":0,"parent":0,"menu_order":0,"comment_status":"closed","ping_status":"closed","template":"","meta":{"ocean_post_layout":"full-screen","ocean_both_sidebars_style":"","ocean_both_sidebars_content_width":0,"ocean_both_sidebars_sidebars_width":0,"ocean_sidebar":"","ocean_second_sidebar":"","ocean_disable_margins":"enable","ocean_add_body_class":"","ocean_shortcode_before_top_bar":"","ocean_shortcode_after_top_bar":"","ocean_shortcode_before_header":"","ocean_shortcode_after_header":"","ocean_has_shortcode":"","ocean_shortcode_after_title":"","ocean_shortcode_before_footer_widgets":"","ocean_shortcode_after_footer_widgets":"","ocean_shortcode_before_footer_bottom":"","ocean_shortcode_after_footer_bottom":"","ocean_display_top_bar":"default","ocean_display_header":"default","ocean_header_style":"","ocean_center_header_left_menu":"","ocean_custom_header_template":"","ocean_custom_logo":0,"ocean_custom_retina_logo":0,"ocean_custom_logo_max_width":0,"ocean_custom_logo_tablet_max_width":0,"ocean_custom_logo_mobile_max_width":0,"ocean_custom_logo_max_height":0,"ocean_custom_logo_tablet_max_height":0,"ocean_custom_logo_mobile_max_height":0,"ocean_header_custom_menu":"","ocean_menu_typo_font_family":"","ocean_menu_typo_font_subset":"","ocean_menu_typo_font_size":0,"ocean_menu_typo_font_size_tablet":0,"ocean_menu_typo_font_size_mobile":0,"ocean_menu_typo_font_size_unit":"px","ocean_menu_typo_font_weight":"","ocean_menu_typo_font_weight_tablet":"","ocean_menu_typo_font_weight_mobile":"","ocean_menu_typo_transform":"","ocean_menu_typo_transform_tablet":"","ocean_menu_typo_transform_mobile":"","ocean_menu_typo_line_height":0,"ocean_menu_typo_line_height_tablet":0,"ocean_menu_typo_line_height_mobile":0,"ocean_menu_typo_line_height_unit":"","ocean_menu_typo_spacing":0,"ocean_menu_typo_spacing_tablet":0,"ocean_menu_typo_spacing_mobile":0,"ocean_menu_typo_spacing_unit":"","ocean_menu_link_color":"","ocean_menu_link_color_hover":"","ocean_menu_link_color_active":"","ocean_menu_link_background":"","ocean_menu_link_hover_background":"","ocean_menu_link_active_background":"","ocean_menu_social_links_bg":"","ocean_menu_social_hover_links_bg":"","ocean_menu_social_links_color":"","ocean_menu_social_hover_links_color":"","ocean_disable_title":"on","ocean_disable_heading":"default","ocean_post_title":"","ocean_post_subheading":"","ocean_post_title_style":"","ocean_post_title_background_color":"","ocean_post_title_background":0,"ocean_post_title_bg_image_position":"","ocean_post_title_bg_image_attachment":"","ocean_post_title_bg_image_repeat":"","ocean_post_title_bg_image_size":"","ocean_post_title_height":0,"ocean_post_title_bg_overlay":0.5,"ocean_post_title_bg_overlay_color":"","ocean_disable_breadcrumbs":"default","ocean_breadcrumbs_color":"","ocean_breadcrumbs_separator_color":"","ocean_breadcrumbs_links_color":"","ocean_breadcrumbs_links_hover_color":"","ocean_display_footer_widgets":"default","ocean_display_footer_bottom":"default","ocean_custom_footer_template":"","footnotes":""},"class_list":["post-55","page","type-page","status-publish","hentry","entry"],"_links":{"self":[{"href":"https:\/\/www.spacevisions.cz\/index.php?rest_route=\/wp\/v2\/pages\/55","targetHints":{"allow":["GET"]}}],"collection":[{"href":"https:\/\/www.spacevisions.cz\/index.php?rest_route=\/wp\/v2\/pages"}],"about":[{"href":"https:\/\/www.spacevisions.cz\/index.php?rest_route=\/wp\/v2\/types\/page"}],"author":[{"embeddable":true,"href":"https:\/\/www.spacevisions.cz\/index.php?rest_route=\/wp\/v2\/users\/1"}],"replies":[{"embeddable":true,"href":"https:\/\/www.spacevisions.cz\/index.php?rest_route=%2Fwp%2Fv2%2Fcomments&post=55"}],"version-history":[{"count":151,"href":"https:\/\/www.spacevisions.cz\/index.php?rest_route=\/wp\/v2\/pages\/55\/revisions"}],"predecessor-version":[{"id":325,"href":"https:\/\/www.spacevisions.cz\/index.php?rest_route=\/wp\/v2\/pages\/55\/revisions\/325"}],"wp:attachment":[{"href":"https:\/\/www.spacevisions.cz\/index.php?rest_route=%2Fwp%2Fv2%2Fmedia&parent=55"}],"curies":[{"name":"wp","href":"https:\/\/api.w.org\/{rel}","templated":true}]}}